{"id":4585,"date":"2021-06-11T11:41:35","date_gmt":"2021-06-11T09:41:35","guid":{"rendered":"https:\/\/www.edsrobotics.com\/?page_id=4585"},"modified":"2021-07-26T13:16:49","modified_gmt":"2021-07-26T11:16:49","slug":"agv-robot","status":"publish","type":"page","link":"https:\/\/www.edsrobotics.com\/en\/agv-robot\/","title":{"rendered":"AGV Robot"},"content":{"rendered":"","protected":false},"excerpt":{"rendered":"","protected":false},"author":3,"featured_media":0,"parent":0,"menu_order":0,"comment_status":"closed","ping_status":"closed","template":"","meta":[],"yoast_head":"<!-- This site is optimized with the Yoast SEO plugin v19.13 - https:\/\/yoast.com\/wordpress\/plugins\/seo\/ -->\n<title>AGV Robot - EDS Robotics<\/title>\n<meta name=\"description\" content=\"Discover the AGV robot from EDS Robotics, with high performance and maximum safety. Automatic transport and distribution of materials.\" \/>\n<meta name=\"robots\" content=\"index, follow, max-snippet:-1, max-image-preview:large, max-video-preview:-1\" \/>\n<link rel=\"canonical\" href=\"https:\/\/www.edsrobotics.com\/en\/agv-robot\/\" \/>\n<meta property=\"og:locale\" content=\"en_US\" \/>\n<meta property=\"og:type\" content=\"article\" \/>\n<meta property=\"og:title\" content=\"AGV Robot - EDS Robotics\" \/>\n<meta property=\"og:description\" content=\"Discover the AGV robot from EDS Robotics, with high performance and maximum safety. Automatic transport and distribution of materials.\" \/>\n<meta property=\"og:url\" content=\"https:\/\/www.edsrobotics.com\/en\/agv-robot\/\" \/>\n<meta property=\"og:site_name\" content=\"EDS Robotics\" \/>\n<meta property=\"article:publisher\" content=\"https:\/\/www.facebook.com\/EDSRobotics.sl\" \/>\n<meta property=\"article:modified_time\" content=\"2021-07-26T11:16:49+00:00\" \/>\n<meta property=\"og:image\" content=\"https:\/\/www.edsrobotics.com\/wp-content\/uploads\/2021\/04\/eds-robotics-logo-red.jpg\" \/>\n\t<meta property=\"og:image:width\" content=\"1800\" \/>\n\t<meta property=\"og:image:height\" content=\"1800\" \/>\n\t<meta property=\"og:image:type\" content=\"image\/jpeg\" \/>\n<meta name=\"twitter:card\" content=\"summary_large_image\" \/>\n<!-- \/ Yoast SEO plugin. -->","yoast_head_json":{"title":"AGV Robot - EDS Robotics","description":"Discover the AGV robot from EDS Robotics, with high performance and maximum safety. Automatic transport and distribution of materials.","robots":{"index":"index","follow":"follow","max-snippet":"max-snippet:-1","max-image-preview":"max-image-preview:large","max-video-preview":"max-video-preview:-1"},"canonical":"https:\/\/www.edsrobotics.com\/en\/agv-robot\/","og_locale":"en_US","og_type":"article","og_title":"AGV Robot - EDS Robotics","og_description":"Discover the AGV robot from EDS Robotics, with high performance and maximum safety. Automatic transport and distribution of materials.","og_url":"https:\/\/www.edsrobotics.com\/en\/agv-robot\/","og_site_name":"EDS Robotics","article_publisher":"https:\/\/www.facebook.com\/EDSRobotics.sl","article_modified_time":"2021-07-26T11:16:49+00:00","og_image":[{"width":1800,"height":1800,"url":"https:\/\/www.edsrobotics.com\/wp-content\/uploads\/2021\/04\/eds-robotics-logo-red.jpg","type":"image\/jpeg"}],"twitter_card":"summary_large_image","schema":{"@context":"https:\/\/schema.org","@graph":[{"@type":"WebPage","@id":"https:\/\/www.edsrobotics.com\/en\/agv-robot\/","url":"https:\/\/www.edsrobotics.com\/en\/agv-robot\/","name":"AGV Robot - EDS Robotics","isPartOf":{"@id":"https:\/\/www.edsrobotics.com\/#website"},"datePublished":"2021-06-11T09:41:35+00:00","dateModified":"2021-07-26T11:16:49+00:00","description":"Discover the AGV robot from EDS Robotics, with high performance and maximum safety. Automatic transport and distribution of materials.","breadcrumb":{"@id":"https:\/\/www.edsrobotics.com\/en\/agv-robot\/#breadcrumb"},"inLanguage":"en-US","potentialAction":[{"@type":"ReadAction","target":["https:\/\/www.edsrobotics.com\/en\/agv-robot\/"]}]},{"@type":"BreadcrumbList","@id":"https:\/\/www.edsrobotics.com\/en\/agv-robot\/#breadcrumb","itemListElement":[{"@type":"ListItem","position":1,"name":"Portada","item":"https:\/\/www.edsrobotics.com\/en\/"},{"@type":"ListItem","position":2,"name":"AGV Robot"}]},{"@type":"WebSite","@id":"https:\/\/www.edsrobotics.com\/#website","url":"https:\/\/www.edsrobotics.com\/","name":"EDS Robotics","description":"Ingenier\u00eda dedicada a la integraci\u00f3n de visi\u00f3n artificial, rob\u00f3tica y la alta tecnolog\u00eda","publisher":{"@id":"https:\/\/www.edsrobotics.com\/#organization"},"potentialAction":[{"@type":"SearchAction","target":{"@type":"EntryPoint","urlTemplate":"https:\/\/www.edsrobotics.com\/?s={search_term_string}"},"query-input":"required name=search_term_string"}],"inLanguage":"en-US"},{"@type":"Organization","@id":"https:\/\/www.edsrobotics.com\/#organization","name":"EDS Robotics","url":"https:\/\/www.edsrobotics.com\/","logo":{"@type":"ImageObject","inLanguage":"en-US","@id":"https:\/\/www.edsrobotics.com\/#\/schema\/logo\/image\/","url":"https:\/\/www.edsrobotics.com\/wp-content\/uploads\/2021\/04\/eds-robotics-logo-red.jpg","contentUrl":"https:\/\/www.edsrobotics.com\/wp-content\/uploads\/2021\/04\/eds-robotics-logo-red.jpg","width":1800,"height":1800,"caption":"EDS Robotics"},"image":{"@id":"https:\/\/www.edsrobotics.com\/#\/schema\/logo\/image\/"},"sameAs":["https:\/\/instagram.com\/edsrobotics","https:\/\/linkedin.com\/company\/eds-robotics","https:\/\/www.facebook.com\/EDSRobotics.sl"]}]}},"_links":{"self":[{"href":"https:\/\/www.edsrobotics.com\/en\/wp-json\/wp\/v2\/pages\/4585"}],"collection":[{"href":"https:\/\/www.edsrobotics.com\/en\/wp-json\/wp\/v2\/pages"}],"about":[{"href":"https:\/\/www.edsrobotics.com\/en\/wp-json\/wp\/v2\/types\/page"}],"author":[{"embeddable":true,"href":"https:\/\/www.edsrobotics.com\/en\/wp-json\/wp\/v2\/users\/3"}],"replies":[{"embeddable":true,"href":"https:\/\/www.edsrobotics.com\/en\/wp-json\/wp\/v2\/comments?post=4585"}],"version-history":[{"count":2,"href":"https:\/\/www.edsrobotics.com\/en\/wp-json\/wp\/v2\/pages\/4585\/revisions"}],"predecessor-version":[{"id":4587,"href":"https:\/\/www.edsrobotics.com\/en\/wp-json\/wp\/v2\/pages\/4585\/revisions\/4587"}],"wp:attachment":[{"href":"https:\/\/www.edsrobotics.com\/en\/wp-json\/wp\/v2\/media?parent=4585"}],"curies":[{"name":"wp","href":"https:\/\/api.w.org\/{rel}","templated":true}]}}